{"id":17,"date":"2024-09-11T10:35:34","date_gmt":"2024-09-11T10:35:34","guid":{"rendered":"http:\/\/hilariferrerdistribucions.es\/?page_id=17"},"modified":"2024-09-11T10:35:34","modified_gmt":"2024-09-11T10:35:34","slug":"inicio","status":"publish","type":"page","link":"https:\/\/hilariferrerdistribucions.es\/","title":{"rendered":"Inicio"},"content":{"rendered":"\n<p>\u00a1Te damos la bienvenida a tu sitio! Esta es tu p\u00e1gina de inicio, que es la que la mayor\u00eda de visitantes ver\u00e1n cuando vengan a tu sitio por primera vez.<\/p>\n","protected":false},"excerpt":{"rendered":"<p>\u00a1Te damos la bienvenida a tu sitio! Esta es tu p\u00e1gina de inicio, que es la que la mayor\u00eda de visitantes ver\u00e1n cuando vengan a tu sitio por primera vez.<\/p>\n","protected":false},"author":1,"featured_media":0,"parent":0,"menu_order":0,"comment_status":"closed","ping_status":"closed","template":"","meta":{"footnotes":""},"class_list":["post-17","page","type-page","status-publish","hentry"],"_links":{"self":[{"href":"https:\/\/hilariferrerdistribucions.es\/index.php\/wp-json\/wp\/v2\/pages\/17","targetHints":{"allow":["GET"]}}],"collection":[{"href":"https:\/\/hilariferrerdistribucions.es\/index.php\/wp-json\/wp\/v2\/pages"}],"about":[{"href":"https:\/\/hilariferrerdistribucions.es\/index.php\/wp-json\/wp\/v2\/types\/page"}],"author":[{"embeddable":true,"href":"https:\/\/hilariferrerdistribucions.es\/index.php\/wp-json\/wp\/v2\/users\/1"}],"replies":[{"embeddable":true,"href":"https:\/\/hilariferrerdistribucions.es\/index.php\/wp-json\/wp\/v2\/comments?post=17"}],"version-history":[{"count":1,"href":"https:\/\/hilariferrerdistribucions.es\/index.php\/wp-json\/wp\/v2\/pages\/17\/revisions"}],"predecessor-version":[{"id":26,"href":"https:\/\/hilariferrerdistribucions.es\/index.php\/wp-json\/wp\/v2\/pages\/17\/revisions\/26"}],"wp:attachment":[{"href":"https:\/\/hilariferrerdistribucions.es\/index.php\/wp-json\/wp\/v2\/media?parent=17"}],"curies":[{"name":"wp","href":"https:\/\/api.w.org\/{rel}","templated":true}]}}